
{"id":3852,"date":"2018-10-10T15:07:15","date_gmt":"2018-10-10T15:07:15","guid":{"rendered":"http:\/\/litofish.famazing.pt\/products\/feuilletes-mixtes\/"},"modified":"2018-10-10T15:07:15","modified_gmt":"2018-10-10T15:07:15","slug":"feuilletes-mixtes","status":"publish","type":"product","link":"https:\/\/litofish.pt\/fr\/produto\/feuilletes-mixtes\/","title":{"rendered":"Feuillet\u00e9s mixtes"},"content":{"rendered":"","protected":false},"excerpt":{"rendered":"<p>P\u00e2te feuillet\u00e9e \u00e0 croissant, farcie de jambon et de fromage, de forme triangulaire, pr\u00e9alablement congel\u00e9e.<\/p>\n","protected":false},"featured_media":4816,"template":"","meta":[],"product_cat":[174],"product_tag":[],"_links":{"self":[{"href":"https:\/\/litofish.pt\/fr\/wp-json\/wp\/v2\/product\/3852"}],"collection":[{"href":"https:\/\/litofish.pt\/fr\/wp-json\/wp\/v2\/product"}],"about":[{"href":"https:\/\/litofish.pt\/fr\/wp-json\/wp\/v2\/types\/product"}],"wp:featuredmedia":[{"embeddable":true,"href":"https:\/\/litofish.pt\/fr\/wp-json\/wp\/v2\/media\/4816"}],"wp:attachment":[{"href":"https:\/\/litofish.pt\/fr\/wp-json\/wp\/v2\/media?parent=3852"}],"wp:term":[{"taxonomy":"product_cat","embeddable":true,"href":"https:\/\/litofish.pt\/fr\/wp-json\/wp\/v2\/product_cat?post=3852"},{"taxonomy":"product_tag","embeddable":true,"href":"https:\/\/litofish.pt\/fr\/wp-json\/wp\/v2\/product_tag?post=3852"}],"curies":[{"name":"wp","href":"https:\/\/api.w.org\/{rel}","templated":true}]}}