
{"id":3849,"date":"2018-10-10T15:07:13","date_gmt":"2018-10-10T15:07:13","guid":{"rendered":"http:\/\/litofish.famazing.pt\/products\/croquettes-de-viande\/"},"modified":"2018-10-10T15:07:13","modified_gmt":"2018-10-10T15:07:13","slug":"croquettes-de-viande","status":"publish","type":"product","link":"https:\/\/litofish.pt\/fr\/produto\/croquettes-de-viande\/","title":{"rendered":"Croquettes de viande"},"content":{"rendered":"","protected":false},"excerpt":{"rendered":"<p>P\u00e2te pr\u00e9cuite, \u00e0 base de viande de b\u0153uf, de forme cylindrique, pr\u00e9alablement pann\u00e9e et congel\u00e9e.<\/p>\n","protected":false},"featured_media":4158,"template":"","meta":[],"product_cat":[174],"product_tag":[],"_links":{"self":[{"href":"https:\/\/litofish.pt\/fr\/wp-json\/wp\/v2\/product\/3849"}],"collection":[{"href":"https:\/\/litofish.pt\/fr\/wp-json\/wp\/v2\/product"}],"about":[{"href":"https:\/\/litofish.pt\/fr\/wp-json\/wp\/v2\/types\/product"}],"wp:featuredmedia":[{"embeddable":true,"href":"https:\/\/litofish.pt\/fr\/wp-json\/wp\/v2\/media\/4158"}],"wp:attachment":[{"href":"https:\/\/litofish.pt\/fr\/wp-json\/wp\/v2\/media?parent=3849"}],"wp:term":[{"taxonomy":"product_cat","embeddable":true,"href":"https:\/\/litofish.pt\/fr\/wp-json\/wp\/v2\/product_cat?post=3849"},{"taxonomy":"product_tag","embeddable":true,"href":"https:\/\/litofish.pt\/fr\/wp-json\/wp\/v2\/product_tag?post=3849"}],"curies":[{"name":"wp","href":"https:\/\/api.w.org\/{rel}","templated":true}]}}