
{"id":3847,"date":"2018-10-10T15:07:10","date_gmt":"2018-10-10T15:07:10","guid":{"rendered":"http:\/\/litofish.famazing.pt\/products\/rissoles-de-crevette\/"},"modified":"2018-10-10T15:07:10","modified_gmt":"2018-10-10T15:07:10","slug":"rissoles-de-crevette","status":"publish","type":"product","link":"https:\/\/litofish.pt\/fr\/produto\/rissoles-de-crevette\/","title":{"rendered":"Rissoles de crevette"},"content":{"rendered":"","protected":false},"excerpt":{"rendered":"<p>Masse pr\u00e9alablement cuits au four et rempli d&rsquo;un remplissage en fonction de crevettes, en forme de demi-lune, puis pan\u00e9 et surgel\u00e9.<\/p>\n","protected":false},"featured_media":4166,"template":"","meta":[],"product_cat":[174],"product_tag":[],"_links":{"self":[{"href":"https:\/\/litofish.pt\/fr\/wp-json\/wp\/v2\/product\/3847"}],"collection":[{"href":"https:\/\/litofish.pt\/fr\/wp-json\/wp\/v2\/product"}],"about":[{"href":"https:\/\/litofish.pt\/fr\/wp-json\/wp\/v2\/types\/product"}],"wp:featuredmedia":[{"embeddable":true,"href":"https:\/\/litofish.pt\/fr\/wp-json\/wp\/v2\/media\/4166"}],"wp:attachment":[{"href":"https:\/\/litofish.pt\/fr\/wp-json\/wp\/v2\/media?parent=3847"}],"wp:term":[{"taxonomy":"product_cat","embeddable":true,"href":"https:\/\/litofish.pt\/fr\/wp-json\/wp\/v2\/product_cat?post=3847"},{"taxonomy":"product_tag","embeddable":true,"href":"https:\/\/litofish.pt\/fr\/wp-json\/wp\/v2\/product_tag?post=3847"}],"curies":[{"name":"wp","href":"https:\/\/api.w.org\/{rel}","templated":true}]}}