
{"id":3843,"date":"2018-10-10T15:07:07","date_gmt":"2018-10-10T15:07:07","guid":{"rendered":"http:\/\/litofish.famazing.pt\/products\/rissoles-de-poisson\/"},"modified":"2018-10-10T15:07:07","modified_gmt":"2018-10-10T15:07:07","slug":"rissoles-de-poisson","status":"publish","type":"product","link":"https:\/\/litofish.pt\/fr\/produto\/rissoles-de-poisson\/","title":{"rendered":"Rissoles de poisson"},"content":{"rendered":"","protected":false},"excerpt":{"rendered":"<p>P\u00e2te pr\u00e9cuite farcie de poisson, en forme de demi-lune pr\u00e9alablement pan\u00e9e et congel\u00e9e.<\/p>\n","protected":false},"featured_media":4175,"template":"","meta":[],"product_cat":[174],"product_tag":[],"_links":{"self":[{"href":"https:\/\/litofish.pt\/fr\/wp-json\/wp\/v2\/product\/3843"}],"collection":[{"href":"https:\/\/litofish.pt\/fr\/wp-json\/wp\/v2\/product"}],"about":[{"href":"https:\/\/litofish.pt\/fr\/wp-json\/wp\/v2\/types\/product"}],"wp:featuredmedia":[{"embeddable":true,"href":"https:\/\/litofish.pt\/fr\/wp-json\/wp\/v2\/media\/4175"}],"wp:attachment":[{"href":"https:\/\/litofish.pt\/fr\/wp-json\/wp\/v2\/media?parent=3843"}],"wp:term":[{"taxonomy":"product_cat","embeddable":true,"href":"https:\/\/litofish.pt\/fr\/wp-json\/wp\/v2\/product_cat?post=3843"},{"taxonomy":"product_tag","embeddable":true,"href":"https:\/\/litofish.pt\/fr\/wp-json\/wp\/v2\/product_tag?post=3843"}],"curies":[{"name":"wp","href":"https:\/\/api.w.org\/{rel}","templated":true}]}}