
{"id":3839,"date":"2018-10-10T14:56:54","date_gmt":"2018-10-10T14:56:54","guid":{"rendered":"http:\/\/litofish.famazing.pt\/products\/rissoles-de-viande\/"},"modified":"2018-10-10T14:56:54","modified_gmt":"2018-10-10T14:56:54","slug":"rissoles-de-viande","status":"publish","type":"product","link":"https:\/\/litofish.pt\/fr\/produto\/rissoles-de-viande\/","title":{"rendered":"Rissoles de viande"},"content":{"rendered":"","protected":false},"excerpt":{"rendered":"<p>Masse pr\u00e9alablement bouillie et farcies avec une garniture de viande, en forme de demi-lune, puis pan\u00e9s et surgel\u00e9s.<\/p>\n","protected":false},"featured_media":4170,"template":"","meta":[],"product_cat":[174],"product_tag":[],"_links":{"self":[{"href":"https:\/\/litofish.pt\/fr\/wp-json\/wp\/v2\/product\/3839"}],"collection":[{"href":"https:\/\/litofish.pt\/fr\/wp-json\/wp\/v2\/product"}],"about":[{"href":"https:\/\/litofish.pt\/fr\/wp-json\/wp\/v2\/types\/product"}],"wp:featuredmedia":[{"embeddable":true,"href":"https:\/\/litofish.pt\/fr\/wp-json\/wp\/v2\/media\/4170"}],"wp:attachment":[{"href":"https:\/\/litofish.pt\/fr\/wp-json\/wp\/v2\/media?parent=3839"}],"wp:term":[{"taxonomy":"product_cat","embeddable":true,"href":"https:\/\/litofish.pt\/fr\/wp-json\/wp\/v2\/product_cat?post=3839"},{"taxonomy":"product_tag","embeddable":true,"href":"https:\/\/litofish.pt\/fr\/wp-json\/wp\/v2\/product_tag?post=3839"}],"curies":[{"name":"wp","href":"https:\/\/api.w.org\/{rel}","templated":true}]}}