
{"id":3837,"date":"2018-10-10T14:56:52","date_gmt":"2018-10-10T14:56:52","guid":{"rendered":"http:\/\/litofish.famazing.pt\/products\/acras-de-morue\/"},"modified":"2018-10-10T14:56:52","modified_gmt":"2018-10-10T14:56:52","slug":"acras-de-morue","status":"publish","type":"product","link":"https:\/\/litofish.pt\/fr\/produto\/acras-de-morue\/","title":{"rendered":"Acras de Morue"},"content":{"rendered":"","protected":false},"excerpt":{"rendered":"<p>P\u00e2te \u00e0 base de pommes de terre et la morue, en forme d&rsquo;ellipse, et sont ensuite congel\u00e9s.<\/p>\n","protected":false},"featured_media":4162,"template":"","meta":[],"product_cat":[174],"product_tag":[],"_links":{"self":[{"href":"https:\/\/litofish.pt\/fr\/wp-json\/wp\/v2\/product\/3837"}],"collection":[{"href":"https:\/\/litofish.pt\/fr\/wp-json\/wp\/v2\/product"}],"about":[{"href":"https:\/\/litofish.pt\/fr\/wp-json\/wp\/v2\/types\/product"}],"wp:featuredmedia":[{"embeddable":true,"href":"https:\/\/litofish.pt\/fr\/wp-json\/wp\/v2\/media\/4162"}],"wp:attachment":[{"href":"https:\/\/litofish.pt\/fr\/wp-json\/wp\/v2\/media?parent=3837"}],"wp:term":[{"taxonomy":"product_cat","embeddable":true,"href":"https:\/\/litofish.pt\/fr\/wp-json\/wp\/v2\/product_cat?post=3837"},{"taxonomy":"product_tag","embeddable":true,"href":"https:\/\/litofish.pt\/fr\/wp-json\/wp\/v2\/product_tag?post=3837"}],"curies":[{"name":"wp","href":"https:\/\/api.w.org\/{rel}","templated":true}]}}