
{"id":3834,"date":"2018-10-10T14:56:13","date_gmt":"2018-10-10T14:56:13","guid":{"rendered":"http:\/\/litofish.famazing.pt\/products\/samoussas\/"},"modified":"2018-10-10T14:56:13","modified_gmt":"2018-10-10T14:56:13","slug":"samoussas","status":"publish","type":"product","link":"https:\/\/litofish.pt\/fr\/produto\/samoussas\/","title":{"rendered":"Samoussas"},"content":{"rendered":"","protected":false},"excerpt":{"rendered":"<p>P\u00e2te pr\u00e9cuite, de forme triangulaire, farcie de poulet et d\u2019\u00e9pices. Pr\u00e9alablement congel\u00e9e. Produit tr\u00e8s \u00e9pic\u00e9.<\/p>\n","protected":false},"featured_media":4154,"template":"","meta":[],"product_cat":[174],"product_tag":[],"_links":{"self":[{"href":"https:\/\/litofish.pt\/fr\/wp-json\/wp\/v2\/product\/3834"}],"collection":[{"href":"https:\/\/litofish.pt\/fr\/wp-json\/wp\/v2\/product"}],"about":[{"href":"https:\/\/litofish.pt\/fr\/wp-json\/wp\/v2\/types\/product"}],"wp:featuredmedia":[{"embeddable":true,"href":"https:\/\/litofish.pt\/fr\/wp-json\/wp\/v2\/media\/4154"}],"wp:attachment":[{"href":"https:\/\/litofish.pt\/fr\/wp-json\/wp\/v2\/media?parent=3834"}],"wp:term":[{"taxonomy":"product_cat","embeddable":true,"href":"https:\/\/litofish.pt\/fr\/wp-json\/wp\/v2\/product_cat?post=3834"},{"taxonomy":"product_tag","embeddable":true,"href":"https:\/\/litofish.pt\/fr\/wp-json\/wp\/v2\/product_tag?post=3834"}],"curies":[{"name":"wp","href":"https:\/\/api.w.org\/{rel}","templated":true}]}}