
{"id":3708,"date":"2018-10-10T15:18:27","date_gmt":"2018-10-10T15:18:27","guid":{"rendered":"http:\/\/litofish.famazing.pt\/products\/calmar\/"},"modified":"2018-10-10T15:18:27","modified_gmt":"2018-10-10T15:18:27","slug":"calmar","status":"publish","type":"product","link":"https:\/\/litofish.pt\/fr\/produto\/calmar\/","title":{"rendered":"Calmar"},"content":{"rendered":"","protected":false},"excerpt":{"rendered":"<p>Loligo vulgaris &#8211; Atl\u00e2ntico Nordeste &#8211; S\u00e9par\u00e9<\/p>\n","protected":false},"featured_media":3400,"template":"","meta":[],"product_cat":[171],"product_tag":[],"_links":{"self":[{"href":"https:\/\/litofish.pt\/fr\/wp-json\/wp\/v2\/product\/3708"}],"collection":[{"href":"https:\/\/litofish.pt\/fr\/wp-json\/wp\/v2\/product"}],"about":[{"href":"https:\/\/litofish.pt\/fr\/wp-json\/wp\/v2\/types\/product"}],"wp:featuredmedia":[{"embeddable":true,"href":"https:\/\/litofish.pt\/fr\/wp-json\/wp\/v2\/media\/3400"}],"wp:attachment":[{"href":"https:\/\/litofish.pt\/fr\/wp-json\/wp\/v2\/media?parent=3708"}],"wp:term":[{"taxonomy":"product_cat","embeddable":true,"href":"https:\/\/litofish.pt\/fr\/wp-json\/wp\/v2\/product_cat?post=3708"},{"taxonomy":"product_tag","embeddable":true,"href":"https:\/\/litofish.pt\/fr\/wp-json\/wp\/v2\/product_tag?post=3708"}],"curies":[{"name":"wp","href":"https:\/\/api.w.org\/{rel}","templated":true}]}}