
{"id":3702,"date":"2018-10-10T15:18:21","date_gmt":"2018-10-10T15:18:21","guid":{"rendered":"http:\/\/litofish.famazing.pt\/products\/redfish\/"},"modified":"2018-10-10T15:18:21","modified_gmt":"2018-10-10T15:18:21","slug":"redfish","status":"publish","type":"product","link":"https:\/\/litofish.pt\/fr\/produto\/redfish\/","title":{"rendered":"Redfish"},"content":{"rendered":"","protected":false},"excerpt":{"rendered":"<p>Sebastes marinus &#8211; Atl\u00e2ntico Nordeste &#8211; Bloque, S\u00e9par\u00e9, put<\/p>\n","protected":false},"featured_media":0,"template":"","meta":[],"product_cat":[122],"product_tag":[],"_links":{"self":[{"href":"https:\/\/litofish.pt\/fr\/wp-json\/wp\/v2\/product\/3702"}],"collection":[{"href":"https:\/\/litofish.pt\/fr\/wp-json\/wp\/v2\/product"}],"about":[{"href":"https:\/\/litofish.pt\/fr\/wp-json\/wp\/v2\/types\/product"}],"wp:attachment":[{"href":"https:\/\/litofish.pt\/fr\/wp-json\/wp\/v2\/media?parent=3702"}],"wp:term":[{"taxonomy":"product_cat","embeddable":true,"href":"https:\/\/litofish.pt\/fr\/wp-json\/wp\/v2\/product_cat?post=3702"},{"taxonomy":"product_tag","embeddable":true,"href":"https:\/\/litofish.pt\/fr\/wp-json\/wp\/v2\/product_tag?post=3702"}],"curies":[{"name":"wp","href":"https:\/\/api.w.org\/{rel}","templated":true}]}}