
{"id":3537,"date":"2018-10-03T18:06:04","date_gmt":"2018-10-03T18:06:04","guid":{"rendered":"http:\/\/litofish.famazing.pt\/contactos\/"},"modified":"2018-10-15T23:14:23","modified_gmt":"2018-10-15T23:14:23","slug":"contactos","status":"publish","type":"page","link":"https:\/\/litofish.pt\/fr\/contactos\/","title":{"rendered":"Contacts"},"content":{"rendered":"<p><section id=\"callUs\" class=\"kc-elm kc-css-40031 kc_row\"><div class=\"kc-row-container  kc-container\"><div class=\"kc-wrap-columns\"><div class=\"kc-elm kc-css-943493 kc_col-sm-6 kc_column kc_col-sm-6\"><div class=\"kc-col-container\">\r\n<div class=\"kc-elm kc-css-437781 kc-title-wrap \">\r\n\r\n\t<h1 class=\"kc_title\">Contactez nous!<\/h1>\r\n\t\t\t<div class=\"image-wrapper\">\r\r\n\t\t\t\t<img src=\"data:image\/svg+xml;charset=utf-8,%3Csvg xmlns%3D'http%3A%2F%2Fwww.w3.org%2F2000%2Fsvg' viewBox%3D'0 0 105 5'%2F%3E\" data-src=\"https:\/\/litofish.pt\/wp-content\/uploads\/2016\/05\/line-yal.png\" alt=\"\" class=\"unveil-image\">\r\r\n\t\t\t<\/div>\r\r\n\t\t\t\r\n<\/div>\r\n<div class=\"kc-elm kc-css-681861 hidden-sm hidden-xs\" style=\"height: 21px; clear: both; width:100%;\"><\/div>\t\t<div class=\"widget widget-features-box default\">\r\n\t\t\t    <div class=\"content\">\r\n\t\t    \t\t\t\t\t\t\t\t\t\t\t<div class=\"feature-box media\">\r\n\t\t\t\t\t<div class=\"media-left\">\r\n\t\t\t\t\t\t\t\t\t\t\t\t\t\t\t\t\t\t\t        <div class=\"fbox-icon\">\r\n\t\t\t\t\t\t        \t<div class=\"inner\">\r\n\t\t\t\t\t\t            \t<i class=\"fa et-map\"><\/i>\r\n\t\t\t\t\t\t            <\/div>\r\n\t\t\t\t\t\t        <\/div>\r\n\t\t\t\t\t\t    \t\t\t\t\t\t\t\t\t\t    <\/div>\r\n\t\t\t\t    <div class=\"fbox-content media-body\">  \r\n\t\t\t\t        <h3 class=\"ourservice-heading\">Adresse<\/h3>                     \r\n\t\t\t\t        \t\t\t\t            <p class=\"description\">Rua Ant\u00f3nio Santos Tr\u00f3ia n\u00ba 4<br>\r\nCabedelo - S\u00e3o Pedro Figueira da Foz<br>\r\nPr\u00e8s de l'entr\u00e9e du port de p\u00eache<br>\r\n(Docapesca)<\/p>  \r\n\t\t\t\t        \t\t\t\t    <\/div>      \r\n\t\t\t\t<\/div>\r\n\t\t\t\t\t\t\t\t\t\t\t\t\t\t\t<div class=\"feature-box media\">\r\n\t\t\t\t\t<div class=\"media-left\">\r\n\t\t\t\t\t\t\t\t\t\t\t\t\t\t\t\t\t\t\t        <div class=\"fbox-icon\">\r\n\t\t\t\t\t\t        \t<div class=\"inner\">\r\n\t\t\t\t\t\t            \t<i class=\"fa et-clock\"><\/i>\r\n\t\t\t\t\t\t            <\/div>\r\n\t\t\t\t\t\t        <\/div>\r\n\t\t\t\t\t\t    \t\t\t\t\t\t\t\t\t\t    <\/div>\r\n\t\t\t\t    <div class=\"fbox-content media-body\">  \r\n\t\t\t\t        <h3 class=\"ourservice-heading\">Heures d'ouverture<\/h3>                     \r\n\t\t\t\t        \t\t\t\t            <p class=\"description\">Lundi: de 8 \u00e0 21 heures.<br>\r\nDu mardi au vendredi : de 4 \u00e0 21 heures.<br>\r\nSamedi: de 4 \u00e0 18 heures.<br>\r\nDimanche: fermeture hebdomadaire.<br><\/p>  \r\n\t\t\t\t        \t\t\t\t    <\/div>      \r\n\t\t\t\t<\/div>\r\n\t\t\t\t\t\t\t\t\t\t\t\t\t\t\t<div class=\"feature-box media\">\r\n\t\t\t\t\t<div class=\"media-left\">\r\n\t\t\t\t\t\t\t\t\t\t\t\t\t\t\t\t\t\t\t        <div class=\"fbox-icon\">\r\n\t\t\t\t\t\t        \t<div class=\"inner\">\r\n\t\t\t\t\t\t            \t<i class=\"fa fa-phone\"><\/i>\r\n\t\t\t\t\t\t            <\/div>\r\n\t\t\t\t\t\t        <\/div>\r\n\t\t\t\t\t\t    \t\t\t\t\t\t\t\t\t\t    <\/div>\r\n\t\t\t\t    <div class=\"fbox-content media-body\">  \r\n\t\t\t\t        <h3 class=\"ourservice-heading\">Info<\/h3>                     \r\n\t\t\t\t        \t\t\t\t            <p class=\"description\">T\u00e9l\u00e9phone: +351 233 430 534\/5<br>\r\nFax: +351 233 412 267<br>\r\nE-mail: <a href=\"mailto:geral@litofish.pt\">geral@litofish.pt<\/a><\/p>  \r\n\t\t\t\t        \t\t\t\t    <\/div>      \r\n\t\t\t\t<\/div>\r\n\t\t\t\t\t\t\t\t\t\t\t\t<\/div>\r\n\t<\/div>\r\n\t<\/div><\/div><div class=\"kc-elm kc-css-189788 kc_col-sm-6 kc_column kc_col-sm-6\"><div class=\"kc-col-container\"><div class=\"kc-elm kc-css-573388 hidden-sm hidden-xs\" style=\"height: 21px; clear: both; width:100%;\"><\/div><div class=\"kc-elm kc-css-158305 kc_text_block\"><\/p>\n<div class=\"wpcf7 no-js\" id=\"wpcf7-f481-o1\" lang=\"en-US\" dir=\"ltr\">\n<div class=\"screen-reader-response\">\n<p role=\"status\" aria-live=\"polite\" aria-atomic=\"true\">\n<ul><\/ul>\n<\/div>\n<form action=\"\/fr\/wp-json\/wp\/v2\/pages\/3537#wpcf7-f481-o1\" method=\"post\" class=\"wpcf7-form init\" aria-label=\"Contact form\" novalidate=\"novalidate\" data-status=\"init\">\n<div style=\"display: none;\">\n<input type=\"hidden\" name=\"_wpcf7\" value=\"481\" \/><br \/>\n<input type=\"hidden\" name=\"_wpcf7_version\" value=\"5.9.8\" \/><br \/>\n<input type=\"hidden\" name=\"_wpcf7_locale\" value=\"en_US\" \/><br \/>\n<input type=\"hidden\" name=\"_wpcf7_unit_tag\" value=\"wpcf7-f481-o1\" \/><br \/>\n<input type=\"hidden\" name=\"_wpcf7_container_post\" value=\"0\" \/><br \/>\n<input type=\"hidden\" name=\"_wpcf7_posted_data_hash\" value=\"\" \/><br \/>\n<input type=\"hidden\" name=\"_wpcf7_recaptcha_response\" value=\"\" \/>\n<\/div>\n<div class=\"section-contact\">\n<p><label>Nome<\/label><br \/>\n<span class=\"wpcf7-form-control-wrap\" data-name=\"Nome\"><input size=\"40\" maxlength=\"400\" class=\"wpcf7-form-control wpcf7-text wpcf7-validates-as-required\" aria-required=\"true\" aria-invalid=\"false\" value=\"\" type=\"text\" name=\"Nome\" \/><\/span>\n\t<\/p>\n<p><label>E-mail<\/label><br \/>\n<span class=\"wpcf7-form-control-wrap\" data-name=\"email\"><input size=\"40\" maxlength=\"400\" class=\"wpcf7-form-control wpcf7-email wpcf7-validates-as-required wpcf7-text wpcf7-validates-as-email\" aria-required=\"true\" aria-invalid=\"false\" value=\"\" type=\"email\" name=\"email\" \/><\/span>\n\t<\/p>\n<p><label>Telefone<\/label><br \/>\n<span class=\"wpcf7-form-control-wrap\" data-name=\"NrTelefone\"><input size=\"40\" maxlength=\"400\" class=\"wpcf7-form-control wpcf7-text\" aria-invalid=\"false\" value=\"\" type=\"text\" name=\"NrTelefone\" \/><\/span>\n\t<\/p>\n<p><label>Mensagem<\/label><br \/>\n<span class=\"wpcf7-form-control-wrap\" data-name=\"Mensagem\"><textarea cols=\"40\" rows=\"10\" maxlength=\"2000\" class=\"wpcf7-form-control wpcf7-textarea wpcf7-validates-as-required\" aria-required=\"true\" aria-invalid=\"false\" name=\"Mensagem\"><\/textarea><\/span>\n\t<\/p>\n<p><span class=\"wpcf7-form-control-wrap\" data-name=\"termosCondicoes\"><span class=\"wpcf7-form-control wpcf7-acceptance\"><span class=\"wpcf7-list-item\"><label><input type=\"checkbox\" name=\"termosCondicoes\" value=\"1\" aria-invalid=\"false\" \/><span class=\"wpcf7-list-item-label\">Li e aceito a <a href=\"https:\/\/litofish.pt\/politica-privacidade\/\">pol\u00edtica de privacidade <\/a>.<\/span><\/label><\/span><\/span><\/span>\n\t<\/p>\n<p><input class=\"wpcf7-form-control wpcf7-submit has-spinner btn btn-primary btn-outline\" type=\"submit\" value=\"Enviar\" \/>\n\t<\/p>\n<\/div>\n<div class=\"wpcf7-response-output\" aria-hidden=\"true\"><\/div>\n<\/form>\n<\/div>\n<p>\n<\/div><div class=\"kc-elm kc-css-875100 hidden-sm hidden-xs\" style=\"height: 75px; clear: both; width:100%;\"><\/div><\/div><\/div><\/div><\/div><\/section><section id=\"visitMaps\" class=\"kc-elm kc-css-656275 kc_row\"><div class=\"kc-row-container  kc-container\"><div class=\"kc-wrap-columns\"><div class=\"kc-elm kc-css-319861 kc_col-sm-12 kc_column kc_col-sm-12\"><div class=\"kc-col-container\"><div class=\"kc-elm kc-css-429685 kc_row kc_row_inner\"><div class=\"kc-elm kc-css-588620 kc_col-sm-12 kc_column_inner kc_col-sm-12\"><div class=\"kc_wrapper kc-col-inner-container\">\r\n<div class=\"kc-elm kc-css-582550 kc-title-wrap \">\r\n\r\n\t<h1 class=\"kc_title\">Visitez-nous!<\/h1>\r\n\t\t\t<div class=\"image-wrapper\">\r\r\n\t\t\t\t<img src=\"data:image\/svg+xml;charset=utf-8,%3Csvg xmlns%3D'http%3A%2F%2Fwww.w3.org%2F2000%2Fsvg' viewBox%3D'0 0 105 5'%2F%3E\" data-src=\"https:\/\/litofish.pt\/wp-content\/uploads\/2016\/05\/line-yal.png\" alt=\"\" class=\"unveil-image\">\r\r\n\t\t\t<\/div>\r\r\n\t\t\t\r\n<\/div>\r\n<div class=\"kc-elm kc-css-501153 kc-raw-code\"><script>\r\nfunction openUrl(url) {\r\n    var win = window.open(url, '_blank');\r\n    win.focus();\r\n}\r\n\r\nfunction findUs() {\r\nvar place;\r\nvar url;\r\nvar mapDisplayDiv = document.getElementById(\"visitMaps\");\r\nplace = mapDisplayDiv.querySelector(\"#buttonMaps\").value;\r\nif (place.length > 1) {\r\n    url = \"https:\/\/www.google.com\/maps\/dir\/\" + place + \"\/R.+Ant\u00f3nio+Santos+Tr\u00f3ia+4,+3090-661+Figueira+da+Foz,+Portugal\";\r\n    openUrl(url);\r\n    }\r\n}\r\n<\/script>\r\n<form>\r\n<label>Obtenir les directions \u00e0 partir de:\r\n <\/label>\r\n<input type=\"text\" id=\"buttonMaps\"><\/input>\r\n<br>\r\n<input class=\"btn btn-submit\" id=\"btnMaps\" type=\"submit\" onclick=\"findUs()\" value=\"Trouvez nous!\"><\/input>\r\n<\/form><\/div><\/div><\/div><\/div><\/div><\/div><\/div><\/div><\/section><\/p>\n","protected":false},"excerpt":{"rendered":"","protected":false},"author":1,"featured_media":0,"parent":0,"menu_order":0,"comment_status":"closed","ping_status":"closed","template":"","meta":{"footnotes":""},"_links":{"self":[{"href":"https:\/\/litofish.pt\/fr\/wp-json\/wp\/v2\/pages\/3537"}],"collection":[{"href":"https:\/\/litofish.pt\/fr\/wp-json\/wp\/v2\/pages"}],"about":[{"href":"https:\/\/litofish.pt\/fr\/wp-json\/wp\/v2\/types\/page"}],"author":[{"embeddable":true,"href":"https:\/\/litofish.pt\/fr\/wp-json\/wp\/v2\/users\/1"}],"replies":[{"embeddable":true,"href":"https:\/\/litofish.pt\/fr\/wp-json\/wp\/v2\/comments?post=3537"}],"version-history":[{"count":7,"href":"https:\/\/litofish.pt\/fr\/wp-json\/wp\/v2\/pages\/3537\/revisions"}],"predecessor-version":[{"id":3964,"href":"https:\/\/litofish.pt\/fr\/wp-json\/wp\/v2\/pages\/3537\/revisions\/3964"}],"wp:attachment":[{"href":"https:\/\/litofish.pt\/fr\/wp-json\/wp\/v2\/media?parent=3537"}],"curies":[{"name":"wp","href":"https:\/\/api.w.org\/{rel}","templated":true}]}}