
{"id":3529,"date":"2018-10-03T18:03:14","date_gmt":"2018-10-03T18:03:14","guid":{"rendered":"http:\/\/litofish.famazing.pt\/sobre-nos\/"},"modified":"2018-11-01T20:34:35","modified_gmt":"2018-11-01T20:34:35","slug":"sobre-nos","status":"publish","type":"page","link":"https:\/\/litofish.pt\/fr\/sobre-nos\/","title":{"rendered":"\u00c0 propos de nous"},"content":{"rendered":"<p><section class=\"kc-elm kc-css-186468 kc_row\"><div class=\"kc-row-container  kc-container\"><div class=\"kc-wrap-columns\"><div class=\"kc-elm kc-css-800159 kc_col-sm-12 kc_column kc_col-sm-12\"><div class=\"kc-col-container\"><div class=\"kc-elm kc-css-120383 kc_row kc_row_inner\"><div id=\"litofishbuilding\" class=\"kc-elm kc-css-516976 kc_col-sm-6 kc_column_inner kc_col-sm-6\"><div class=\"kc_wrapper kc-col-inner-container\"><div class=\"kc-elm kc-css-970405 kc_shortcode kc_single_image\">\n\n        <img src=\"https:\/\/litofish.pt\/wp-content\/uploads\/2018\/10\/sobre-1.jpg\" class=\"\" alt=\"litofish building\" \/>    <\/div>\n<\/div><\/div><div class=\"kc-elm kc-css-510294 kc_col-sm-6 kc_column_inner kc_col-sm-6\"><div class=\"kc_wrapper kc-col-inner-container\">\r\n<div class=\"kc-elm kc-css-161156 kc-title-wrap \">\r\n\r\n\t<h1 class=\"kc_title\">\u00c0 propos de nous<\/h1>\r\n\t\t\t<div class=\"image-wrapper\">\r\r\n\t\t\t\t<img src=\"data:image\/svg+xml;charset=utf-8,%3Csvg xmlns%3D'http%3A%2F%2Fwww.w3.org%2F2000%2Fsvg' viewBox%3D'0 0 105 5'%2F%3E\" data-src=\"https:\/\/litofish.pt\/wp-content\/uploads\/2016\/05\/line-yal.png\" alt=\"\" class=\"unveil-image\">\r\r\n\t\t\t<\/div>\r\r\n\t\t\t\r\n<\/div>\r\n<div class=\"kc-elm kc-css-353461\" style=\"height: 21px; clear: both; width:100%;\"><\/div><div class=\"kc-elm kc-css-208028 kc_text_block\"><\/p>\n<p>\nLitofish SARL a \u00e9t\u00e9 fond\u00e9e le 26 Juillet 2006. Son activit\u00e9 principale est la commercialisation de produits alimentaires surgel\u00e9s.<\/p>\n<p>Pour une entreprise relativement r\u00e9cente sur le march\u00e9, son taux de croissance est bien au-dessus de la moyenne du secteur. Cela est d\u00fb au professionnalisme de l&#039;\u00e9quipe dynamique qui constitue l&#039;entreprise ainsi qu\u2019\u00e0 la vaste exp\u00e9rience de l&#039;administration qui a d\u00e9j\u00e0 trois d\u00e9cennies.<\/p>\n<p>Chez Litofish, la satisfaction du client est la priorit\u00e9. C\u2019est pour cela que nous utilisons uniquement des produits de premi\u00e8re qualit\u00e9 et que nous avons implant\u00e9 \u00a0le syst\u00e8me HACCP (Analyse des dangers-Points critiques pour leur ma\u00eetrise) qui nous permet de garantir que les produits que nous commercialisons sont aux normes communautaires.<br \/>Litofish multiplie les contr\u00f4les v\u00e9t\u00e9rinaires et le num\u00e9ro de fournisseurs. Sachant \u00a0que c\u2019est sur la sant\u00e9 que se refl\u00e8te l\u2019alimentation, Litofish est \u00a0toujours \u00e0 la recherche des meilleurs aliments et de la conservation de sa fra\u00eecheur et de sa qualit\u00e9. Si notre entreprise occupe d\u00e9sormais une place sur le march\u00e9 qui a \u00e9t\u00e9 atteint au cours des ann\u00e9es, c\u2019est gr\u00e2ce au travail d\u00e9velopp\u00e9 avec les clients, \u00e0 une bonne performance \u00e9conomique et financi\u00e8re et \u00e0 une gestion responsable.<\/p>\n<p>Etre choisi par nos clients et nos consommateurs constitue pour nous une source de fiert\u00e9 et, surtout, une incitation \u00e0 nous am\u00e9liorer, sans oublier les valeurs auxquelles nous croyons.<\/p>\n<p>Nous travaillons pour satisfaire. Que ce soit dans la diversit\u00e9 ou la pr\u00e9sentation des produits, dans la qualit\u00e9 ou la rapidit\u00e9 des livraisons, ou dans le rapport qualit\u00e9-prix de nos produits, notre objectif est toujours le m\u00eame: La satisfaction du client.<\/p>\n<p>\n<\/div><div class=\"kc-elm kc-css-327149 hidden-sm hidden-xs\" style=\"height: 29px; clear: both; width:100%;\"><\/div><\/div><\/div><\/div><\/div><\/div><\/div><\/div><\/section><section class=\"kc-elm kc-css-45468 kc_row\"><div class=\"kc-row-container  kc-container  about3us\"><div class=\"kc-wrap-columns\"><div class=\"kc-elm kc-css-1745 kc_col-sm-12 kc_column kc_col-sm-12\"><div class=\"kc-col-container\"><div class=\"kc-elm kc-css-107810\" style=\"height: 65px; clear: both; width:100%;\"><\/div><div class=\"kc-elm kc-css-897534 kc_row kc_row_inner\"><div class=\"kc-elm kc-css-501205 kc_col-sm-12 kc_column_inner kc_col-sm-12\"><div class=\"kc_wrapper kc-col-inner-container\">\t\t\t<div class=\"widget widget-features-box style_border\">\r\n\t\t\t\t\t    <div class=\"content\">\r\n\t\t\t    <div class=\"row\">\t\t\t\t\t\t\t\t\t<div class=\"col-md-4\">\t\t\t\t\t<div class=\"feature-box\">\r\n\t\t\t\t\t\t<div class=\"fbox-content\">  \r\n\t\t\t\t\t\t        <h3 class=\"ourservice-heading\">Mission<\/h3>                     \r\n\t\t\t\t\t\t        \t\t\t\t\t\t            <p class=\"description\">Litofish SARL  a pour mission de r\u00e9pondre aux besoins de ses clients, contribuant \u00e0 une alimentation plus saine et \u00e9quilibr\u00e9e gr\u00e2ce \u00e0 des produits surgel\u00e9s de haute qualit\u00e9. Notre entreprise vise \u00e9galement \u00e0 maintenir une relation saine avec les employ\u00e9s et les fournisseurs, ainsi qu\u2019\u00e0 respecter l'environnement et le maintien d'une posture socialement responsable.<\/p>  \r\n\t\t\t\t\t\t        \t\t\t\t\t\t    <\/div> \r\n\t\t\t\t\t\t<div class=\"feature-box-img\">\r\n\t\t\t\t\t\t\t\t\t\t\t\t\t\t\t\t\t\t\t\t\t\t        <div class=\"fbox-icon\">\r\n\t\t\t\t\t\t\t        \t<div class=\"inner\">\r\n\t\t\t\t\t\t\t            \t<i class=\"fa fa-anchor\"><\/i>\r\n\t\t\t\t\t\t\t            <\/div>\r\n\t\t\t\t\t\t\t        <\/div>\r\n\t\t\t\t\t\t\t    \t\t\t\t\t\t\t\t\t\t\t\t    <\/div>\r\n\t\t\t\t\t<\/div>\r\n\t\t\t\t\t<\/div>\t\t\t\t\t\t\t\t\t<div class=\"col-md-4\">\t\t\t\t\t<div class=\"feature-box\">\r\n\t\t\t\t\t\t<div class=\"fbox-content\">  \r\n\t\t\t\t\t\t        <h3 class=\"ourservice-heading\">Vision<\/h3>                     \r\n\t\t\t\t\t\t        \t\t\t\t\t\t            <p class=\"description\">Litofish SARL vise \u00e0 \u00eatre reconnue comme une entreprise leader dans les plus hauts standards de qualit\u00e9, contribuant quotidiennement  \u00e0 l'expansion sur le march\u00e9 international (communautaire et hors-communautaire), o\u00f9 elle poss\u00e8de d\u00e9j\u00e0 une petite part du march\u00e9, et sur les march\u00e9s non explor\u00e9s.<\/p>  \r\n\t\t\t\t\t\t        \t\t\t\t\t\t    <\/div> \r\n\t\t\t\t\t\t<div class=\"feature-box-img\">\r\n\t\t\t\t\t\t\t\t\t\t\t\t\t\t\t\t\t\t\t\t\t\t        <div class=\"fbox-icon\">\r\n\t\t\t\t\t\t\t        \t<div class=\"inner\">\r\n\t\t\t\t\t\t\t            \t<i class=\"fa fa-eye\"><\/i>\r\n\t\t\t\t\t\t\t            <\/div>\r\n\t\t\t\t\t\t\t        <\/div>\r\n\t\t\t\t\t\t\t    \t\t\t\t\t\t\t\t\t\t\t\t    <\/div>\r\n\t\t\t\t\t<\/div>\r\n\t\t\t\t\t<\/div>\t\t\t\t\t\t\t\t\t<div class=\"col-md-4\">\t\t\t\t\t<div class=\"feature-box\">\r\n\t\t\t\t\t\t<div class=\"fbox-content\">  \r\n\t\t\t\t\t\t        <h3 class=\"ourservice-heading\">Valeurs<\/h3>                     \r\n\t\t\t\t\t\t        \t\t\t\t\t\t            <p class=\"description\">Litofish SARL mise sur le professionnalisme, l'excellence de ses produits, la satisfaction de ses clients ainsi que sur une relation \u00e9thique et saine avec les fournisseurs et les employ\u00e9s.<\/p>  \r\n\t\t\t\t\t\t        \t\t\t\t\t\t    <\/div> \r\n\t\t\t\t\t\t<div class=\"feature-box-img\">\r\n\t\t\t\t\t\t\t\t\t\t\t\t\t\t\t\t\t\t\t\t\t\t        <div class=\"fbox-icon\">\r\n\t\t\t\t\t\t\t        \t<div class=\"inner\">\r\n\t\t\t\t\t\t\t            \t<i class=\"fa mn-icon-1234\"><\/i>\r\n\t\t\t\t\t\t\t            <\/div>\r\n\t\t\t\t\t\t\t        <\/div>\r\n\t\t\t\t\t\t\t    \t\t\t\t\t\t\t\t\t\t\t\t    <\/div>\r\n\t\t\t\t\t<\/div>\r\n\t\t\t\t\t<\/div>\t\t\t\t\t\t\t\t<\/div>\t\t\t<\/div>\r\n\t\t<\/div>\r\n\t<div class=\"kc-elm kc-css-21378 hidden-sm hidden-xs\" style=\"height: 125px; clear: both; width:100%;\"><\/div><\/div><\/div><\/div><\/div><\/div><\/div><\/div><\/section><\/p>\n","protected":false},"excerpt":{"rendered":"","protected":false},"author":1,"featured_media":0,"parent":0,"menu_order":0,"comment_status":"closed","ping_status":"closed","template":"","meta":{"footnotes":""},"_links":{"self":[{"href":"https:\/\/litofish.pt\/fr\/wp-json\/wp\/v2\/pages\/3529"}],"collection":[{"href":"https:\/\/litofish.pt\/fr\/wp-json\/wp\/v2\/pages"}],"about":[{"href":"https:\/\/litofish.pt\/fr\/wp-json\/wp\/v2\/types\/page"}],"author":[{"embeddable":true,"href":"https:\/\/litofish.pt\/fr\/wp-json\/wp\/v2\/users\/1"}],"replies":[{"embeddable":true,"href":"https:\/\/litofish.pt\/fr\/wp-json\/wp\/v2\/comments?post=3529"}],"version-history":[{"count":9,"href":"https:\/\/litofish.pt\/fr\/wp-json\/wp\/v2\/pages\/3529\/revisions"}],"predecessor-version":[{"id":4044,"href":"https:\/\/litofish.pt\/fr\/wp-json\/wp\/v2\/pages\/3529\/revisions\/4044"}],"wp:attachment":[{"href":"https:\/\/litofish.pt\/fr\/wp-json\/wp\/v2\/media?parent=3529"}],"curies":[{"name":"wp","href":"https:\/\/api.w.org\/{rel}","templated":true}]}}