
{"id":3853,"date":"2018-10-10T15:07:15","date_gmt":"2018-10-10T15:07:15","guid":{"rendered":"http:\/\/litofish.famazing.pt\/products\/gemischtes-geback\/"},"modified":"2018-10-10T15:07:15","modified_gmt":"2018-10-10T15:07:15","slug":"gemischtes-geback","status":"publish","type":"product","link":"https:\/\/litofish.pt\/de\/produto\/gemischtes-geback\/","title":{"rendered":"Gemischtes Geb\u00e4ck"},"content":{"rendered":"","protected":false},"excerpt":{"rendered":"<p>Bl\u00e4tterteig aus Croissant, gef\u00fcllt mit K\u00e4se und Schinken, geformt in einer rechteckige form, paniert und sp\u00e4ter gefroren.<\/p>\n","protected":false},"featured_media":4817,"template":"","meta":[],"product_cat":[175],"product_tag":[],"_links":{"self":[{"href":"https:\/\/litofish.pt\/de\/wp-json\/wp\/v2\/product\/3853"}],"collection":[{"href":"https:\/\/litofish.pt\/de\/wp-json\/wp\/v2\/product"}],"about":[{"href":"https:\/\/litofish.pt\/de\/wp-json\/wp\/v2\/types\/product"}],"wp:featuredmedia":[{"embeddable":true,"href":"https:\/\/litofish.pt\/de\/wp-json\/wp\/v2\/media\/4817"}],"wp:attachment":[{"href":"https:\/\/litofish.pt\/de\/wp-json\/wp\/v2\/media?parent=3853"}],"wp:term":[{"taxonomy":"product_cat","embeddable":true,"href":"https:\/\/litofish.pt\/de\/wp-json\/wp\/v2\/product_cat?post=3853"},{"taxonomy":"product_tag","embeddable":true,"href":"https:\/\/litofish.pt\/de\/wp-json\/wp\/v2\/product_tag?post=3853"}],"curies":[{"name":"wp","href":"https:\/\/api.w.org\/{rel}","templated":true}]}}