
{"id":3850,"date":"2018-10-10T15:07:13","date_gmt":"2018-10-10T15:07:13","guid":{"rendered":"http:\/\/litofish.famazing.pt\/products\/fleischkroketten\/"},"modified":"2018-10-10T15:07:13","modified_gmt":"2018-10-10T15:07:13","slug":"fleischkroketten","status":"publish","type":"product","link":"https:\/\/litofish.pt\/de\/produto\/fleischkroketten\/","title":{"rendered":"Fleischkroketten"},"content":{"rendered":"","protected":false},"excerpt":{"rendered":"<p>Vorgekochtes Teig, gef\u00fcllt it einer Fleisch F\u00fcllung, geformt in einer Halbmond form, paniert und sp\u00e4ter tiefgefroren.<\/p>\n","protected":false},"featured_media":4159,"template":"","meta":[],"product_cat":[175],"product_tag":[],"_links":{"self":[{"href":"https:\/\/litofish.pt\/de\/wp-json\/wp\/v2\/product\/3850"}],"collection":[{"href":"https:\/\/litofish.pt\/de\/wp-json\/wp\/v2\/product"}],"about":[{"href":"https:\/\/litofish.pt\/de\/wp-json\/wp\/v2\/types\/product"}],"wp:featuredmedia":[{"embeddable":true,"href":"https:\/\/litofish.pt\/de\/wp-json\/wp\/v2\/media\/4159"}],"wp:attachment":[{"href":"https:\/\/litofish.pt\/de\/wp-json\/wp\/v2\/media?parent=3850"}],"wp:term":[{"taxonomy":"product_cat","embeddable":true,"href":"https:\/\/litofish.pt\/de\/wp-json\/wp\/v2\/product_cat?post=3850"},{"taxonomy":"product_tag","embeddable":true,"href":"https:\/\/litofish.pt\/de\/wp-json\/wp\/v2\/product_tag?post=3850"}],"curies":[{"name":"wp","href":"https:\/\/api.w.org\/{rel}","templated":true}]}}