
{"id":3844,"date":"2018-10-10T15:07:07","date_gmt":"2018-10-10T15:07:07","guid":{"rendered":"http:\/\/litofish.famazing.pt\/products\/fisch-pastetchen\/"},"modified":"2018-10-10T15:07:07","modified_gmt":"2018-10-10T15:07:07","slug":"fisch-pastetchen","status":"publish","type":"product","link":"https:\/\/litofish.pt\/de\/produto\/fisch-pastetchen\/","title":{"rendered":"Fisch Pastetchen"},"content":{"rendered":"","protected":false},"excerpt":{"rendered":"<p>Vorgekochtes Teig, gef\u00fcllt mit eine Fisch F\u00fcllung, geformt in eine Halbmond form, paniert und sp\u00e4ter tiefgefroren.<\/p>\n","protected":false},"featured_media":4176,"template":"","meta":[],"product_cat":[175],"product_tag":[],"_links":{"self":[{"href":"https:\/\/litofish.pt\/de\/wp-json\/wp\/v2\/product\/3844"}],"collection":[{"href":"https:\/\/litofish.pt\/de\/wp-json\/wp\/v2\/product"}],"about":[{"href":"https:\/\/litofish.pt\/de\/wp-json\/wp\/v2\/types\/product"}],"wp:featuredmedia":[{"embeddable":true,"href":"https:\/\/litofish.pt\/de\/wp-json\/wp\/v2\/media\/4176"}],"wp:attachment":[{"href":"https:\/\/litofish.pt\/de\/wp-json\/wp\/v2\/media?parent=3844"}],"wp:term":[{"taxonomy":"product_cat","embeddable":true,"href":"https:\/\/litofish.pt\/de\/wp-json\/wp\/v2\/product_cat?post=3844"},{"taxonomy":"product_tag","embeddable":true,"href":"https:\/\/litofish.pt\/de\/wp-json\/wp\/v2\/product_tag?post=3844"}],"curies":[{"name":"wp","href":"https:\/\/api.w.org\/{rel}","templated":true}]}}