
{"id":3835,"date":"2018-10-10T14:56:13","date_gmt":"2018-10-10T14:56:13","guid":{"rendered":"http:\/\/litofish.famazing.pt\/products\/samoussas\/"},"modified":"2018-10-15T14:53:47","modified_gmt":"2018-10-15T14:53:47","slug":"samoussas","status":"publish","type":"product","link":"https:\/\/litofish.pt\/de\/produto\/samoussas\/","title":{"rendered":"Samoussas"},"content":{"rendered":"","protected":false},"excerpt":{"rendered":"<p>Vorgekochtes Teig, gef\u00fcllt mit H\u00fchnerfleisch und Gew\u00fcrze, geformt in einer dreieckige form und sp\u00e4ter tiefgefroren. Produkt sehr w\u00fcrzig.<\/p>\n","protected":false},"featured_media":4155,"template":"","meta":[],"product_cat":[175],"product_tag":[],"_links":{"self":[{"href":"https:\/\/litofish.pt\/de\/wp-json\/wp\/v2\/product\/3835"}],"collection":[{"href":"https:\/\/litofish.pt\/de\/wp-json\/wp\/v2\/product"}],"about":[{"href":"https:\/\/litofish.pt\/de\/wp-json\/wp\/v2\/types\/product"}],"wp:featuredmedia":[{"embeddable":true,"href":"https:\/\/litofish.pt\/de\/wp-json\/wp\/v2\/media\/4155"}],"wp:attachment":[{"href":"https:\/\/litofish.pt\/de\/wp-json\/wp\/v2\/media?parent=3835"}],"wp:term":[{"taxonomy":"product_cat","embeddable":true,"href":"https:\/\/litofish.pt\/de\/wp-json\/wp\/v2\/product_cat?post=3835"},{"taxonomy":"product_tag","embeddable":true,"href":"https:\/\/litofish.pt\/de\/wp-json\/wp\/v2\/product_tag?post=3835"}],"curies":[{"name":"wp","href":"https:\/\/api.w.org\/{rel}","templated":true}]}}