
{"id":3530,"date":"2018-10-03T18:03:14","date_gmt":"2018-10-03T18:03:14","guid":{"rendered":"http:\/\/litofish.famazing.pt\/sobre-nos\/"},"modified":"2018-11-01T20:34:30","modified_gmt":"2018-11-01T20:34:30","slug":"sobre-nos","status":"publish","type":"page","link":"https:\/\/litofish.pt\/de\/sobre-nos\/","title":{"rendered":"\u00dcber uns"},"content":{"rendered":"<p><section class=\"kc-elm kc-css-197046 kc_row\"><div class=\"kc-row-container  kc-container\"><div class=\"kc-wrap-columns\"><div class=\"kc-elm kc-css-78839 kc_col-sm-12 kc_column kc_col-sm-12\"><div class=\"kc-col-container\"><div class=\"kc-elm kc-css-16808 kc_row kc_row_inner\"><div id=\"litofishbuilding\" class=\"kc-elm kc-css-396322 kc_col-sm-6 kc_column_inner kc_col-sm-6\"><div class=\"kc_wrapper kc-col-inner-container\"><div class=\"kc-elm kc-css-397851 kc_shortcode kc_single_image\">\n\n        <img src=\"https:\/\/litofish.pt\/wp-content\/uploads\/2018\/10\/sobre-1.jpg\" class=\"\" alt=\"litofish building\" \/>    <\/div>\n<\/div><\/div><div class=\"kc-elm kc-css-129423 kc_col-sm-6 kc_column_inner kc_col-sm-6\"><div class=\"kc_wrapper kc-col-inner-container\">\r\n<div class=\"kc-elm kc-css-694471 kc-title-wrap \">\r\n\r\n\t<h1 class=\"kc_title\">\u00dcber uns<\/h1>\r\n\t\t\t<div class=\"image-wrapper\">\r\r\n\t\t\t\t<img src=\"data:image\/svg+xml;charset=utf-8,%3Csvg xmlns%3D'http%3A%2F%2Fwww.w3.org%2F2000%2Fsvg' viewBox%3D'0 0 105 5'%2F%3E\" data-src=\"https:\/\/litofish.pt\/wp-content\/uploads\/2016\/05\/line-yal.png\" alt=\"\" class=\"unveil-image\">\r\r\n\t\t\t<\/div>\r\r\n\t\t\t\r\n<\/div>\r\n<div class=\"kc-elm kc-css-101417\" style=\"height: 21px; clear: both; width:100%;\"><\/div><div class=\"kc-elm kc-css-9200 kc_text_block\"><\/p>\n<p>\nLitofish Lda. wurde am 26. Juli 2006 gegr\u00fcndet, unsere Hauptt\u00e4tigkeit ist die Vermarktung von Tiefk\u00fchlkost.<\/p>\n<p>Obwohl das Unternehmen relativ neu auf dem Markt ist, ist das Wachstum\u00a0 \u00fcberdurchschnittlich im Vergleich zum Duchschnitt des Marktes.Dies nicht zuletzt augrund der Profissionalit\u00e4t unseres dynamischen Teams und der 30- j\u00e4higen Erfahrung unseres Managements.<\/p>\n<p>Bei Litofish Lda. ist die Zufriendenheit des Kunden Priorit\u00e4t, deshalb verwenden wir nur hochwertige Rohstoffe und haben auch das HACCP-System (System der pr\u00e4ventiven Kontrolle der Ern\u00e4hrungssicherheit) implementiert, damit unsere Produkte allen EU-Standards entsprechen. Litofish Lda. hat auch eine Veterin\u00e4rkontrollnummer und eine Operator-Empf\u00e4ngernummer. Litofish Lda. arbeitet in dem Bewusstsein, dass sich die Gesundheit unserer Kunden in der Ern\u00e4hrung widerspiegelt, deswegen sind wir immer auf der Suche nach den besten Lebensmitteln und achten auf die Erhaltung ihrer Frische und Qualit\u00e4t. Unser Unternehmen hat sich im Laufe der Jahre einen Platz auf dem Markt erk\u00e4mpft.<\/p>\n<p>Dass ist das Ergebnis der Zusammenarbeit mit unseren Kunden, der guten wirtschaftlichen und finanziellen Leistungsf\u00e4higkeit des Unternehmens sowie der verantwortungsvollen Unternehmensf\u00fchrung. Die Pr\u00e4ferenz, die uns unsere Kunden beweisen, ist unser Stolz und vor allem ein Anreiz, noch besser zu werden, ohne die Werte an die wir glauben zu verlieren. Wir arbeiten, um Sie zufriendenzustellen. Die Vielfalt und die Pr\u00e4sentation unserer Produkte, die Qualit\u00e4t und P\u00fcnktlichkeit der Lieferung sowie das Preis-Leistungs-Verh\u00e4ltnis unserer Produkte, stellen immer dasselbe Ziel dar, Sie zufriendenzustellen.<\/p>\n<p>\n<\/div><div class=\"kc-elm kc-css-645770 hidden-sm hidden-xs\" style=\"height: 29px; clear: both; width:100%;\"><\/div><\/div><\/div><\/div><\/div><\/div><\/div><\/div><\/section><section class=\"kc-elm kc-css-511577 kc_row\"><div class=\"kc-row-container  kc-container  about3us\"><div class=\"kc-wrap-columns\"><div class=\"kc-elm kc-css-57185 kc_col-sm-12 kc_column kc_col-sm-12\"><div class=\"kc-col-container\"><div class=\"kc-elm kc-css-304587\" style=\"height: 65px; clear: both; width:100%;\"><\/div><div class=\"kc-elm kc-css-324088 kc_row kc_row_inner\"><div class=\"kc-elm kc-css-890398 kc_col-sm-12 kc_column_inner kc_col-sm-12\"><div class=\"kc_wrapper kc-col-inner-container\">\t\t\t<div class=\"widget widget-features-box style_border\">\r\n\t\t\t\t\t    <div class=\"content\">\r\n\t\t\t    <div class=\"row\">\t\t\t\t\t\t\t\t\t<div class=\"col-md-4\">\t\t\t\t\t<div class=\"feature-box\">\r\n\t\t\t\t\t\t<div class=\"fbox-content\">  \r\n\t\t\t\t\t\t        <h3 class=\"ourservice-heading\">Mission<\/h3>                     \r\n\t\t\t\t\t\t        \t\t\t\t\t\t            <p class=\"description\">Die Mission der Litofish Lda. ist es, den Bed\u00fcrfnissen unserer Kunden mit Hilfe einer ges\u00fcnderen und ausgewogeneren Ern\u00e4hrung gerecht zu werden. Dies wird durch die hohe Qualit\u00e4t  unserer Tiefk\u00fchlprodukte erzielt. Unser Ziel ist es auch die gesunde Beziehung mit Mitarbeitern und Lieferanten zu f\u00f6rdern, die Umwelt zu respektieren und unserer sozialen Verantwortung gerecht zu werden.<\/p>  \r\n\t\t\t\t\t\t        \t\t\t\t\t\t    <\/div> \r\n\t\t\t\t\t\t<div class=\"feature-box-img\">\r\n\t\t\t\t\t\t\t\t\t\t\t\t\t\t\t\t\t\t\t\t\t\t        <div class=\"fbox-icon\">\r\n\t\t\t\t\t\t\t        \t<div class=\"inner\">\r\n\t\t\t\t\t\t\t            \t<i class=\"fa fa-anchor\"><\/i>\r\n\t\t\t\t\t\t\t            <\/div>\r\n\t\t\t\t\t\t\t        <\/div>\r\n\t\t\t\t\t\t\t    \t\t\t\t\t\t\t\t\t\t\t\t    <\/div>\r\n\t\t\t\t\t<\/div>\r\n\t\t\t\t\t<\/div>\t\t\t\t\t\t\t\t\t<div class=\"col-md-4\">\t\t\t\t\t<div class=\"feature-box\">\r\n\t\t\t\t\t\t<div class=\"fbox-content\">  \r\n\t\t\t\t\t\t        <h3 class=\"ourservice-heading\">Vision<\/h3>                     \r\n\t\t\t\t\t\t        \t\t\t\t\t\t            <p class=\"description\">Litofish Lda. will als f\u00fchrendes Unternehmen mit den h\u00f6chsten Qualit\u00e4t Standards anerkannt werden. Wir arbeiten t\u00e4glich an unserer Expansion in internationale M\u00e4rkte ( EU-und \u00dcbersee), wo wir bereits einen kleinen Marktanteil besitzen, sowie in unerschlossene M\u00e4rkte zu expandieren.<\/p>  \r\n\t\t\t\t\t\t        \t\t\t\t\t\t    <\/div> \r\n\t\t\t\t\t\t<div class=\"feature-box-img\">\r\n\t\t\t\t\t\t\t\t\t\t\t\t\t\t\t\t\t\t\t\t\t\t        <div class=\"fbox-icon\">\r\n\t\t\t\t\t\t\t        \t<div class=\"inner\">\r\n\t\t\t\t\t\t\t            \t<i class=\"fa fa-eye\"><\/i>\r\n\t\t\t\t\t\t\t            <\/div>\r\n\t\t\t\t\t\t\t        <\/div>\r\n\t\t\t\t\t\t\t    \t\t\t\t\t\t\t\t\t\t\t\t    <\/div>\r\n\t\t\t\t\t<\/div>\r\n\t\t\t\t\t<\/div>\t\t\t\t\t\t\t\t\t<div class=\"col-md-4\">\t\t\t\t\t<div class=\"feature-box\">\r\n\t\t\t\t\t\t<div class=\"fbox-content\">  \r\n\t\t\t\t\t\t        <h3 class=\"ourservice-heading\">Werte<\/h3>                     \r\n\t\t\t\t\t\t        \t\t\t\t\t\t            <p class=\"description\">Litofish Lda. legt viel Wert auf Profissionalit\u00e4t, Qualit\u00e4t der Produkte, in die Zufriendenheit seiner Kunden und eine ethische und gesunde Beziehung zu Lieferanten und Mitarbeitern.<\/p>  \r\n\t\t\t\t\t\t        \t\t\t\t\t\t    <\/div> \r\n\t\t\t\t\t\t<div class=\"feature-box-img\">\r\n\t\t\t\t\t\t\t\t\t\t\t\t\t\t\t\t\t\t\t\t\t\t        <div class=\"fbox-icon\">\r\n\t\t\t\t\t\t\t        \t<div class=\"inner\">\r\n\t\t\t\t\t\t\t            \t<i class=\"fa mn-icon-1234\"><\/i>\r\n\t\t\t\t\t\t\t            <\/div>\r\n\t\t\t\t\t\t\t        <\/div>\r\n\t\t\t\t\t\t\t    \t\t\t\t\t\t\t\t\t\t\t\t    <\/div>\r\n\t\t\t\t\t<\/div>\r\n\t\t\t\t\t<\/div>\t\t\t\t\t\t\t\t<\/div>\t\t\t<\/div>\r\n\t\t<\/div>\r\n\t<div class=\"kc-elm kc-css-59899 hidden-sm hidden-xs\" style=\"height: 125px; clear: both; width:100%;\"><\/div><\/div><\/div><\/div><\/div><\/div><\/div><\/div><\/section><\/p>\n","protected":false},"excerpt":{"rendered":"","protected":false},"author":1,"featured_media":0,"parent":0,"menu_order":0,"comment_status":"closed","ping_status":"closed","template":"","meta":{"footnotes":""},"_links":{"self":[{"href":"https:\/\/litofish.pt\/de\/wp-json\/wp\/v2\/pages\/3530"}],"collection":[{"href":"https:\/\/litofish.pt\/de\/wp-json\/wp\/v2\/pages"}],"about":[{"href":"https:\/\/litofish.pt\/de\/wp-json\/wp\/v2\/types\/page"}],"author":[{"embeddable":true,"href":"https:\/\/litofish.pt\/de\/wp-json\/wp\/v2\/users\/1"}],"replies":[{"embeddable":true,"href":"https:\/\/litofish.pt\/de\/wp-json\/wp\/v2\/comments?post=3530"}],"version-history":[{"count":8,"href":"https:\/\/litofish.pt\/de\/wp-json\/wp\/v2\/pages\/3530\/revisions"}],"predecessor-version":[{"id":4043,"href":"https:\/\/litofish.pt\/de\/wp-json\/wp\/v2\/pages\/3530\/revisions\/4043"}],"wp:attachment":[{"href":"https:\/\/litofish.pt\/de\/wp-json\/wp\/v2\/media?parent=3530"}],"curies":[{"name":"wp","href":"https:\/\/api.w.org\/{rel}","templated":true}]}}